{"id":463,"date":"2026-03-31T15:10:41","date_gmt":"2026-03-31T15:10:41","guid":{"rendered":"https:\/\/heicontent.fi\/?page_id=463"},"modified":"2026-04-02T12:57:21","modified_gmt":"2026-04-02T12:57:21","slug":"tuotekuvat","status":"publish","type":"page","link":"https:\/\/heicontent.fi\/?page_id=463","title":{"rendered":"Tuotekuvat"},"content":{"rendered":"\t\t<div data-elementor-type=\"wp-page\" data-elementor-id=\"463\" class=\"elementor elementor-463\">\n\t\t\t\t<div class=\"elementor-element elementor-element-e1d9b62 e-flex e-con-boxed e-con e-parent\" data-id=\"e1d9b62\" data-element_type=\"container\" data-e-type=\"container\">\n\t\t\t\t\t<div class=\"e-con-inner\">\n\t\t\t\t<div class=\"elementor-element elementor-element-24b3065 elementor-widget elementor-widget-heading\" data-id=\"24b3065\" data-element_type=\"widget\" data-e-type=\"widget\" data-widget_type=\"heading.default\">\n\t\t\t\t\t<h2 class=\"elementor-heading-title elementor-size-default\">TUOTEKUVAT<\/h2>\t\t\t\t<\/div>\n\t\t\t\t\t<\/div>\n\t\t\t\t<\/div>\n\t\t<div class=\"elementor-element elementor-element-ad95e0c e-flex e-con-boxed e-con e-parent\" data-id=\"ad95e0c\" data-element_type=\"container\" data-e-type=\"container\">\n\t\t\t\t\t<div class=\"e-con-inner\">\n\t\t\t\t<div class=\"elementor-element elementor-element-fff4fa1 elementor-widget elementor-widget-heading\" data-id=\"fff4fa1\" data-element_type=\"widget\" data-e-type=\"widget\" data-widget_type=\"heading.default\">\n\t\t\t\t\t<h2 class=\"elementor-heading-title elementor-size-default\">KUVAAN TUOTTEISTA LAADUKKAITA, VISUAALISESTI TYYLIKK\u00c4IT\u00c4 KUVIA SELKE\u00c4LL\u00c4 TAUSTALLA TAI SEN TODELLISESSA YMP\u00c4RIST\u00d6SS\u00c4<\/h2>\t\t\t\t<\/div>\n\t\t\t\t\t<\/div>\n\t\t\t\t<\/div>\n\t\t<div class=\"elementor-element elementor-element-2911570 e-grid e-con-boxed e-con e-parent\" data-id=\"2911570\" data-element_type=\"container\" data-e-type=\"container\">\n\t\t\t\t\t<div class=\"e-con-inner\">\n\t\t\t\t<div class=\"elementor-element elementor-element-85fa138 elementor-widget elementor-widget-image\" data-id=\"85fa138\" data-element_type=\"widget\" data-e-type=\"widget\" data-widget_type=\"image.default\">\n\t\t\t\t\t\t\t\t\t\t\t\t\t\t\t<img fetchpriority=\"high\" decoding=\"async\" width=\"682\" height=\"1024\" src=\"https:\/\/heicontent.fi\/wp-content\/uploads\/2026\/03\/IMG_4529-682x1024.jpg\" class=\"attachment-large size-large wp-image-366\" alt=\"\" srcset=\"https:\/\/heicontent.fi\/wp-content\/uploads\/2026\/03\/IMG_4529-682x1024.jpg 682w, https:\/\/heicontent.fi\/wp-content\/uploads\/2026\/03\/IMG_4529-200x300.jpg 200w, https:\/\/heicontent.fi\/wp-content\/uploads\/2026\/03\/IMG_4529-768x1152.jpg 768w, https:\/\/heicontent.fi\/wp-content\/uploads\/2026\/03\/IMG_4529-1024x1536.jpg 1024w, https:\/\/heicontent.fi\/wp-content\/uploads\/2026\/03\/IMG_4529-1365x2048.jpg 1365w, https:\/\/heicontent.fi\/wp-content\/uploads\/2026\/03\/IMG_4529.jpg 1706w\" sizes=\"(max-width: 682px) 100vw, 682px\" \/>\t\t\t\t\t\t\t\t\t\t\t\t\t\t\t<\/div>\n\t\t\t\t<div class=\"elementor-element elementor-element-9210c4c elementor-widget elementor-widget-image\" data-id=\"9210c4c\" data-element_type=\"widget\" data-e-type=\"widget\" data-widget_type=\"image.default\">\n\t\t\t\t\t\t\t\t\t\t\t\t\t\t\t<img decoding=\"async\" width=\"683\" height=\"1024\" src=\"https:\/\/heicontent.fi\/wp-content\/uploads\/2026\/03\/IMG_2424-1-683x1024.jpg\" class=\"attachment-large size-large wp-image-50\" alt=\"\" srcset=\"https:\/\/heicontent.fi\/wp-content\/uploads\/2026\/03\/IMG_2424-1-683x1024.jpg 683w, https:\/\/heicontent.fi\/wp-content\/uploads\/2026\/03\/IMG_2424-1-200x300.jpg 200w, https:\/\/heicontent.fi\/wp-content\/uploads\/2026\/03\/IMG_2424-1-768x1152.jpg 768w, https:\/\/heicontent.fi\/wp-content\/uploads\/2026\/03\/IMG_2424-1-1024x1536.jpg 1024w, https:\/\/heicontent.fi\/wp-content\/uploads\/2026\/03\/IMG_2424-1-1365x2048.jpg 1365w, https:\/\/heicontent.fi\/wp-content\/uploads\/2026\/03\/IMG_2424-1-rotated.jpg 1600w\" sizes=\"(max-width: 683px) 100vw, 683px\" \/>\t\t\t\t\t\t\t\t\t\t\t\t\t\t\t<\/div>\n\t\t\t\t<div class=\"elementor-element elementor-element-77e7111 elementor-widget elementor-widget-image\" data-id=\"77e7111\" data-element_type=\"widget\" data-e-type=\"widget\" data-widget_type=\"image.default\">\n\t\t\t\t\t\t\t\t\t\t\t\t\t\t\t<img decoding=\"async\" width=\"683\" height=\"1024\" src=\"https:\/\/heicontent.fi\/wp-content\/uploads\/2026\/03\/IMG_0636-683x1024.jpeg\" class=\"attachment-large size-large wp-image-221\" alt=\"\" srcset=\"https:\/\/heicontent.fi\/wp-content\/uploads\/2026\/03\/IMG_0636-683x1024.jpeg 683w, https:\/\/heicontent.fi\/wp-content\/uploads\/2026\/03\/IMG_0636-200x300.jpeg 200w, https:\/\/heicontent.fi\/wp-content\/uploads\/2026\/03\/IMG_0636-768x1152.jpeg 768w, https:\/\/heicontent.fi\/wp-content\/uploads\/2026\/03\/IMG_0636-1024x1536.jpeg 1024w, https:\/\/heicontent.fi\/wp-content\/uploads\/2026\/03\/IMG_0636-1365x2048.jpeg 1365w, https:\/\/heicontent.fi\/wp-content\/uploads\/2026\/03\/IMG_0636-scaled.jpeg 1707w\" sizes=\"(max-width: 683px) 100vw, 683px\" \/>\t\t\t\t\t\t\t\t\t\t\t\t\t\t\t<\/div>\n\t\t\t\t<div class=\"elementor-element elementor-element-60d4e80 elementor-widget elementor-widget-image\" data-id=\"60d4e80\" data-element_type=\"widget\" data-e-type=\"widget\" data-widget_type=\"image.default\">\n\t\t\t\t\t\t\t\t\t\t\t\t\t\t\t<img loading=\"lazy\" decoding=\"async\" width=\"683\" height=\"1024\" src=\"https:\/\/heicontent.fi\/wp-content\/uploads\/2026\/03\/IMG_2635-2-683x1024.jpg\" class=\"attachment-large size-large wp-image-143\" alt=\"\" srcset=\"https:\/\/heicontent.fi\/wp-content\/uploads\/2026\/03\/IMG_2635-2-683x1024.jpg 683w, https:\/\/heicontent.fi\/wp-content\/uploads\/2026\/03\/IMG_2635-2-200x300.jpg 200w, https:\/\/heicontent.fi\/wp-content\/uploads\/2026\/03\/IMG_2635-2-768x1152.jpg 768w, https:\/\/heicontent.fi\/wp-content\/uploads\/2026\/03\/IMG_2635-2-1024x1536.jpg 1024w, https:\/\/heicontent.fi\/wp-content\/uploads\/2026\/03\/IMG_2635-2-1365x2048.jpg 1365w, https:\/\/heicontent.fi\/wp-content\/uploads\/2026\/03\/IMG_2635-2-rotated.jpg 1600w\" sizes=\"(max-width: 683px) 100vw, 683px\" \/>\t\t\t\t\t\t\t\t\t\t\t\t\t\t\t<\/div>\n\t\t\t\t<div class=\"elementor-element elementor-element-64309f8 elementor-widget elementor-widget-image\" data-id=\"64309f8\" data-element_type=\"widget\" data-e-type=\"widget\" data-widget_type=\"image.default\">\n\t\t\t\t\t\t\t\t\t\t\t\t\t\t\t<img decoding=\"async\" src=\"https:\/\/heicontent.fi\/wp-content\/uploads\/2026\/03\/KOKKEILE-TATA.jpg\" title=\"KOKKEILE T\u00c4T\u00c4\" alt=\"KOKKEILE T\u00c4T\u00c4\" loading=\"lazy\" \/>\t\t\t\t\t\t\t\t\t\t\t\t\t\t\t<\/div>\n\t\t\t\t<div class=\"elementor-element elementor-element-5acc992 elementor-widget elementor-widget-image\" data-id=\"5acc992\" data-element_type=\"widget\" data-e-type=\"widget\" data-widget_type=\"image.default\">\n\t\t\t\t\t\t\t\t\t\t\t\t\t\t\t<img loading=\"lazy\" decoding=\"async\" width=\"683\" height=\"1024\" src=\"https:\/\/heicontent.fi\/wp-content\/uploads\/2026\/03\/IMG_2293-683x1024.jpg\" class=\"attachment-large size-large wp-image-49\" alt=\"\" srcset=\"https:\/\/heicontent.fi\/wp-content\/uploads\/2026\/03\/IMG_2293-683x1024.jpg 683w, https:\/\/heicontent.fi\/wp-content\/uploads\/2026\/03\/IMG_2293-200x300.jpg 200w, https:\/\/heicontent.fi\/wp-content\/uploads\/2026\/03\/IMG_2293-768x1152.jpg 768w, https:\/\/heicontent.fi\/wp-content\/uploads\/2026\/03\/IMG_2293-1024x1536.jpg 1024w, https:\/\/heicontent.fi\/wp-content\/uploads\/2026\/03\/IMG_2293-1365x2048.jpg 1365w, https:\/\/heicontent.fi\/wp-content\/uploads\/2026\/03\/IMG_2293.jpg 1600w\" sizes=\"(max-width: 683px) 100vw, 683px\" \/>\t\t\t\t\t\t\t\t\t\t\t\t\t\t\t<\/div>\n\t\t\t\t\t<\/div>\n\t\t\t\t<\/div>\n\t\t<div class=\"elementor-element elementor-element-87522e1 e-flex e-con-boxed e-con e-parent\" data-id=\"87522e1\" data-element_type=\"container\" data-e-type=\"container\">\n\t\t\t\t\t<div class=\"e-con-inner\">\n\t\t<div class=\"elementor-element elementor-element-9491064 e-con-full e-flex e-con e-child\" data-id=\"9491064\" data-element_type=\"container\" data-e-type=\"container\">\n\t\t<div class=\"elementor-element elementor-element-e01fcff e-con-full e-flex e-con e-child\" data-id=\"e01fcff\" data-element_type=\"container\" data-e-type=\"container\">\n\t\t<div class=\"elementor-element elementor-element-2f7d31b e-con-full e-flex e-con e-child\" data-id=\"2f7d31b\" data-element_type=\"container\" data-e-type=\"container\">\n\t\t\t\t<div class=\"elementor-element elementor-element-328f7cb elementor-widget elementor-widget-image\" data-id=\"328f7cb\" data-element_type=\"widget\" data-e-type=\"widget\" data-widget_type=\"image.default\">\n\t\t\t\t\t\t\t\t\t\t\t\t\t\t\t<img loading=\"lazy\" decoding=\"async\" width=\"819\" height=\"1024\" src=\"https:\/\/heicontent.fi\/wp-content\/uploads\/2026\/03\/Tehhaanko-yhessa-teille-somea-1-819x1024.png\" class=\"attachment-large size-large wp-image-141\" alt=\"\" srcset=\"https:\/\/heicontent.fi\/wp-content\/uploads\/2026\/03\/Tehhaanko-yhessa-teille-somea-1-819x1024.png 819w, https:\/\/heicontent.fi\/wp-content\/uploads\/2026\/03\/Tehhaanko-yhessa-teille-somea-1-240x300.png 240w, https:\/\/heicontent.fi\/wp-content\/uploads\/2026\/03\/Tehhaanko-yhessa-teille-somea-1-768x960.png 768w, https:\/\/heicontent.fi\/wp-content\/uploads\/2026\/03\/Tehhaanko-yhessa-teille-somea-1.png 1080w\" sizes=\"(max-width: 819px) 100vw, 819px\" \/>\t\t\t\t\t\t\t\t\t\t\t\t\t\t\t<\/div>\n\t\t\t\t<\/div>\n\t\t<div class=\"elementor-element elementor-element-8532170 e-con-full e-flex e-con e-child\" data-id=\"8532170\" data-element_type=\"container\" data-e-type=\"container\">\n\t\t\t\t<div class=\"elementor-element elementor-element-559a361 elementor-widget elementor-widget-heading\" data-id=\"559a361\" data-element_type=\"widget\" data-e-type=\"widget\" data-widget_type=\"heading.default\">\n\t\t\t\t\t<h2 class=\"elementor-heading-title elementor-size-default\">Ota yhteytt\u00e4<\/h2>\t\t\t\t<\/div>\n\t\t\t\t<div class=\"elementor-element elementor-element-bbb936e elementor-align-center elementor-widget__width-inherit elementor-widget elementor-widget-button\" data-id=\"bbb936e\" data-element_type=\"widget\" data-e-type=\"widget\" data-widget_type=\"button.default\">\n\t\t\t\t\t\t\t\t\t\t<a class=\"elementor-button elementor-button-link elementor-size-sm\" href=\"tel:0404162197\">\n\t\t\t\t\t\t<span class=\"elementor-button-content-wrapper\">\n\t\t\t\t\t\t\t\t\t<span class=\"elementor-button-text\">Soita minulle<\/span>\n\t\t\t\t\t<\/span>\n\t\t\t\t\t<\/a>\n\t\t\t\t\t\t\t\t<\/div>\n\t\t\t\t<div class=\"elementor-element elementor-element-f58f47e elementor-align-center elementor-widget__width-inherit elementor-widget elementor-widget-button\" data-id=\"f58f47e\" data-element_type=\"widget\" data-e-type=\"widget\" data-widget_type=\"button.default\">\n\t\t\t\t\t\t\t\t\t\t<a class=\"elementor-button elementor-button-link elementor-size-sm\" href=\"https:\/\/wa.me\/358404162197\" target=\"_blank\" rel=\"noopener\">\n\t\t\t\t\t\t<span class=\"elementor-button-content-wrapper\">\n\t\t\t\t\t\t\t\t\t<span class=\"elementor-button-text\">Whatsapp<\/span>\n\t\t\t\t\t<\/span>\n\t\t\t\t\t<\/a>\n\t\t\t\t\t\t\t\t<\/div>\n\t\t\t\t<div class=\"elementor-element elementor-element-3941840 elementor-align-center elementor-widget__width-inherit elementor-widget elementor-widget-button\" data-id=\"3941840\" data-element_type=\"widget\" data-e-type=\"widget\" data-settings=\"{&quot;_animation&quot;:&quot;none&quot;}\" data-widget_type=\"button.default\">\n\t\t\t\t\t\t\t\t\t\t<a class=\"elementor-button elementor-button-link elementor-size-sm\" href=\"mailto:heinisaraj@outlook.com\">\n\t\t\t\t\t\t<span class=\"elementor-button-content-wrapper\">\n\t\t\t\t\t\t\t\t\t<span class=\"elementor-button-text\">S\u00e4hk\u00f6posti<\/span>\n\t\t\t\t\t<\/span>\n\t\t\t\t\t<\/a>\n\t\t\t\t\t\t\t\t<\/div>\n\t\t\t\t<\/div>\n\t\t\t\t<\/div>\n\t\t\t\t<\/div>\n\t\t\t\t\t<\/div>\n\t\t\t\t<\/div>\n\t\t\t\t<\/div>\n\t\t\n    <div class=\"xs_social_share_widget xs_share_url after_content \t\tmain_content  wslu-style-1 wslu-share-box-shaped wslu-fill-colored wslu-none wslu-share-horizontal wslu-theme-font-no wslu-main_content\">\n\n\t\t\n        <ul>\n\t\t\t        <\/ul>\n    <\/div> \n","protected":false},"excerpt":{"rendered":"<p>TUOTEKUVAT KUVAAN TUOTTEISTA LAADUKKAITA, VISUAALISESTI TYYLIKK\u00c4IT\u00c4 KUVIA SELKE\u00c4LL\u00c4 TAUSTALLA TAI SEN TODELLISESSA YMP\u00c4RIST\u00d6SS\u00c4 Ota yhteytt\u00e4 Soita minulle Whatsapp S\u00e4hk\u00f6posti<\/p>\n","protected":false},"author":1,"featured_media":0,"parent":0,"menu_order":0,"comment_status":"closed","ping_status":"closed","template":"","meta":{"postBodyCss":"","postBodyMargin":[],"postBodyPadding":[],"postBodyBackground":{"backgroundType":"classic","gradient":""},"footnotes":""},"class_list":["post-463","page","type-page","status-publish","hentry"],"_links":{"self":[{"href":"https:\/\/heicontent.fi\/index.php?rest_route=\/wp\/v2\/pages\/463","targetHints":{"allow":["GET"]}}],"collection":[{"href":"https:\/\/heicontent.fi\/index.php?rest_route=\/wp\/v2\/pages"}],"about":[{"href":"https:\/\/heicontent.fi\/index.php?rest_route=\/wp\/v2\/types\/page"}],"author":[{"embeddable":true,"href":"https:\/\/heicontent.fi\/index.php?rest_route=\/wp\/v2\/users\/1"}],"replies":[{"embeddable":true,"href":"https:\/\/heicontent.fi\/index.php?rest_route=%2Fwp%2Fv2%2Fcomments&post=463"}],"version-history":[{"count":28,"href":"https:\/\/heicontent.fi\/index.php?rest_route=\/wp\/v2\/pages\/463\/revisions"}],"predecessor-version":[{"id":713,"href":"https:\/\/heicontent.fi\/index.php?rest_route=\/wp\/v2\/pages\/463\/revisions\/713"}],"wp:attachment":[{"href":"https:\/\/heicontent.fi\/index.php?rest_route=%2Fwp%2Fv2%2Fmedia&parent=463"}],"curies":[{"name":"wp","href":"https:\/\/api.w.org\/{rel}","templated":true}]}}