{"id":361,"date":"2026-03-31T15:10:37","date_gmt":"2026-03-31T15:10:37","guid":{"rendered":"https:\/\/heicontent.fi\/?page_id=361"},"modified":"2026-04-02T12:46:17","modified_gmt":"2026-04-02T12:46:17","slug":"somepaketit","status":"publish","type":"page","link":"https:\/\/heicontent.fi\/?page_id=361","title":{"rendered":"Somepaketit"},"content":{"rendered":"\t\t<div data-elementor-type=\"wp-page\" data-elementor-id=\"361\" class=\"elementor elementor-361\">\n\t\t\t\t<div class=\"elementor-element elementor-element-38f9a8a e-flex e-con-boxed e-con e-parent\" data-id=\"38f9a8a\" data-element_type=\"container\" data-e-type=\"container\">\n\t\t\t\t\t<div class=\"e-con-inner\">\n\t\t\t\t<div class=\"elementor-element elementor-element-1a554eb elementor-widget elementor-widget-heading\" data-id=\"1a554eb\" data-element_type=\"widget\" data-e-type=\"widget\" data-widget_type=\"heading.default\">\n\t\t\t\t\t<h2 class=\"elementor-heading-title elementor-size-default\">HEI CONTENT\nSOMEPAKETIT<\/h2>\t\t\t\t<\/div>\n\t\t\t\t\t<\/div>\n\t\t\t\t<\/div>\n\t\t<div class=\"elementor-element elementor-element-1e2e749 e-con-full e-flex e-con e-parent\" data-id=\"1e2e749\" data-element_type=\"container\" data-e-type=\"container\">\n\t\t\t\t<div class=\"elementor-element elementor-element-4072bd2 elementor-widget elementor-widget-heading\" data-id=\"4072bd2\" data-element_type=\"widget\" data-e-type=\"widget\" data-widget_type=\"heading.default\">\n\t\t\t\t\t<h2 class=\"elementor-heading-title elementor-size-default\">T\u00c4YSI TAI OSITTAINEN YLL\u00c4PITO YRITYKSESI SOMEKANAVILLE.<br>INSTAGRAM, FACEBOOK JA LINKEDIN.<br>\n\n<\/h2>\t\t\t\t<\/div>\n\t\t\t\t<div class=\"elementor-element elementor-element-fa61e2b elementor-widget elementor-widget-text-editor\" data-id=\"fa61e2b\" data-element_type=\"widget\" data-e-type=\"widget\" data-widget_type=\"text-editor.default\">\n\t\t\t\t\t\t\t\t\t<p><strong>Miten homma l\u00e4htee liikkeelle?<\/strong><\/p><p>J\u00e4t\u00e4 yhteydenottopyynt\u00f6, soita tai laita viesti\u00e4, niin sovitaan maksuton aloituspalaveri.<\/p><p>Tutustutaan, jutellaan teid\u00e4n tarpeista ja p\u00e4\u00e4sette n\u00e4kem\u00e4\u00e4n mun tyyli\u00e4 ja tekemist\u00e4. Jos valmiista paketeista ei l\u00f6ydy sopivaa, tehd\u00e4\u00e4n teille oma kokonaisuus.<\/p><p><strong>Ota yhteytt\u00e4 matalalla kynnyksell\u00e4!<\/strong><\/p>\t\t\t\t\t\t\t\t<\/div>\n\t\t\t\t<\/div>\n\t\t<div class=\"elementor-element elementor-element-fd3edfa e-grid e-con-boxed e-con e-parent\" data-id=\"fd3edfa\" data-element_type=\"container\" data-e-type=\"container\">\n\t\t\t\t\t<div class=\"e-con-inner\">\n\t\t\t\t<div class=\"elementor-element elementor-element-b5c29a2 elementor-widget elementor-widget-text-editor\" data-id=\"b5c29a2\" data-element_type=\"widget\" data-e-type=\"widget\" data-widget_type=\"text-editor.default\">\n\t\t\t\t\t\t\t\t\t<p>Hei Content<\/p><p><strong>Basic-somepaketti<\/strong><br \/><strong>alk. 340 \u20ac\/kk*<\/strong><\/p><p>Aloituspalaveri<br \/>Somen visuaalisen ilmeen ideointi ja toteutus<br \/>4 julkaisua teksteineen \/ kk (Instagram, Facebook)<br \/>Tarinanostot<br \/>Kuukausiraportti (miten on mennyt, ehdotukset seuraavalle kuulle)<\/p>\t\t\t\t\t\t\t\t<\/div>\n\t\t\t\t<div class=\"elementor-element elementor-element-8f59bb7 elementor-widget elementor-widget-text-editor\" data-id=\"8f59bb7\" data-element_type=\"widget\" data-e-type=\"widget\" data-widget_type=\"text-editor.default\">\n\t\t\t\t\t\t\t\t\t<p>Hei Content<\/p><p><strong>Plus-somepaketti<\/strong><br \/><strong>alk. 390 \u20ac\/kk*<\/strong><\/p><p>Aloituspalaveri<br \/>Somen visuaalisen ilmeen ideointi ja toteutus<br \/>6 julkaisua teksteineen \/ kk (Instagram, Facebook)<br \/>Tarinanostot<br \/>Kuukausiraportti (miten on mennyt, ehdotukset seuraavalle kuulle)<\/p>\t\t\t\t\t\t\t\t<\/div>\n\t\t\t\t<div class=\"elementor-element elementor-element-30728da elementor-widget elementor-widget-text-editor\" data-id=\"30728da\" data-element_type=\"widget\" data-e-type=\"widget\" data-widget_type=\"text-editor.default\">\n\t\t\t\t\t\t\t\t\t<p>Hei Content<\/p><p><strong>Premium-somepaketti<\/strong><br \/><strong>alk. 450 \u20ac\/kk*<\/strong><\/p><p>Aloituspalaveri<br \/>Somen visuaalisen ilmeen ideointi ja toteutus<br \/>8 julkaisua teksteineen \/ kk (Instagram, Facebook)<br \/>Tarinanostot<br \/>Kuukausiraportti (miten on mennyt, ehdotukset seuraavalle kuulle)<\/p>\t\t\t\t\t\t\t\t<\/div>\n\t\t\t\t\t<\/div>\n\t\t\t\t<\/div>\n\t\t<div class=\"elementor-element elementor-element-ffa8c2e e-flex e-con-boxed e-con e-parent\" data-id=\"ffa8c2e\" data-element_type=\"container\" data-e-type=\"container\">\n\t\t\t\t\t<div class=\"e-con-inner\">\n\t\t\t\t<div class=\"elementor-element elementor-element-3e919f8 elementor-widget elementor-widget-text-editor\" data-id=\"3e919f8\" data-element_type=\"widget\" data-e-type=\"widget\" data-widget_type=\"text-editor.default\">\n\t\t\t\t\t\t\t\t\t<p><strong>Yritys toimittaa itse kuvamateriaalin tai sovittaessa<\/strong><br \/><strong>Hei Content k\u00e4y kuvaamassa.<\/strong><\/p><p>Lis\u00e4julkaisu 35\u20ac\/kpl*<br \/>Mainos esim flayer, lehtimainos 45\u20ac\/kpl* <br \/>Kuvaus 65\u20ac\/h* sis editointi<br \/><i><b>*Hintoihin ei lis\u00e4t\u00e4 ALV:ia, myyj\u00e4 ei ALV-velvollinen<\/b><\/i><\/p><p><b><i>\u00a0Matkakustannukset sis\u00e4ltyy hintaan 70km s\u00e4teell\u00e4 Iist\u00e4<\/i><\/b><\/p>\t\t\t\t\t\t\t\t<\/div>\n\t\t\t\t\t<\/div>\n\t\t\t\t<\/div>\n\t\t<div class=\"elementor-element elementor-element-1d6615d e-flex e-con-boxed e-con e-parent\" data-id=\"1d6615d\" data-element_type=\"container\" data-e-type=\"container\">\n\t\t\t\t\t<div class=\"e-con-inner\">\n\t\t<div class=\"elementor-element elementor-element-7b321b1 e-con-full e-flex e-con e-child\" data-id=\"7b321b1\" data-element_type=\"container\" data-e-type=\"container\">\n\t\t<div class=\"elementor-element elementor-element-af2a9d6 e-con-full e-flex e-con e-child\" data-id=\"af2a9d6\" data-element_type=\"container\" data-e-type=\"container\">\n\t\t<div class=\"elementor-element elementor-element-d646f04 e-con-full e-flex e-con e-child\" data-id=\"d646f04\" data-element_type=\"container\" data-e-type=\"container\">\n\t\t\t\t<div class=\"elementor-element elementor-element-27d8a5f elementor-widget elementor-widget-image\" data-id=\"27d8a5f\" data-element_type=\"widget\" data-e-type=\"widget\" data-widget_type=\"image.default\">\n\t\t\t\t\t\t\t\t\t\t\t\t\t\t\t<img fetchpriority=\"high\" decoding=\"async\" width=\"819\" height=\"1024\" src=\"https:\/\/heicontent.fi\/wp-content\/uploads\/2026\/03\/Tehhaanko-yhessa-teille-somea-1-819x1024.png\" class=\"attachment-large size-large wp-image-141\" alt=\"\" srcset=\"https:\/\/heicontent.fi\/wp-content\/uploads\/2026\/03\/Tehhaanko-yhessa-teille-somea-1-819x1024.png 819w, https:\/\/heicontent.fi\/wp-content\/uploads\/2026\/03\/Tehhaanko-yhessa-teille-somea-1-240x300.png 240w, https:\/\/heicontent.fi\/wp-content\/uploads\/2026\/03\/Tehhaanko-yhessa-teille-somea-1-768x960.png 768w, https:\/\/heicontent.fi\/wp-content\/uploads\/2026\/03\/Tehhaanko-yhessa-teille-somea-1.png 1080w\" sizes=\"(max-width: 819px) 100vw, 819px\" \/>\t\t\t\t\t\t\t\t\t\t\t\t\t\t\t<\/div>\n\t\t\t\t<\/div>\n\t\t<div class=\"elementor-element elementor-element-9527ca7 e-con-full e-flex e-con e-child\" data-id=\"9527ca7\" data-element_type=\"container\" data-e-type=\"container\">\n\t\t\t\t<div class=\"elementor-element elementor-element-ed1950f elementor-widget elementor-widget-heading\" data-id=\"ed1950f\" data-element_type=\"widget\" data-e-type=\"widget\" data-widget_type=\"heading.default\">\n\t\t\t\t\t<h2 class=\"elementor-heading-title elementor-size-default\">Ota yhteytt\u00e4<\/h2>\t\t\t\t<\/div>\n\t\t\t\t<div class=\"elementor-element elementor-element-01ce045 elementor-align-center elementor-widget__width-inherit elementor-widget elementor-widget-button\" data-id=\"01ce045\" data-element_type=\"widget\" data-e-type=\"widget\" data-widget_type=\"button.default\">\n\t\t\t\t\t\t\t\t\t\t<a class=\"elementor-button elementor-button-link elementor-size-sm\" href=\"tel:0404162197\">\n\t\t\t\t\t\t<span class=\"elementor-button-content-wrapper\">\n\t\t\t\t\t\t\t\t\t<span class=\"elementor-button-text\">Soita minulle<\/span>\n\t\t\t\t\t<\/span>\n\t\t\t\t\t<\/a>\n\t\t\t\t\t\t\t\t<\/div>\n\t\t\t\t<div class=\"elementor-element elementor-element-df38dc9 elementor-align-center elementor-widget__width-inherit elementor-widget elementor-widget-button\" data-id=\"df38dc9\" data-element_type=\"widget\" data-e-type=\"widget\" data-widget_type=\"button.default\">\n\t\t\t\t\t\t\t\t\t\t<a class=\"elementor-button elementor-button-link elementor-size-sm\" href=\"https:\/\/wa.me\/358404162197\" target=\"_blank\" rel=\"noopener\">\n\t\t\t\t\t\t<span class=\"elementor-button-content-wrapper\">\n\t\t\t\t\t\t\t\t\t<span class=\"elementor-button-text\">Whatsapp<\/span>\n\t\t\t\t\t<\/span>\n\t\t\t\t\t<\/a>\n\t\t\t\t\t\t\t\t<\/div>\n\t\t\t\t<div class=\"elementor-element elementor-element-914b219 elementor-align-center elementor-widget__width-inherit elementor-widget elementor-widget-button\" data-id=\"914b219\" data-element_type=\"widget\" data-e-type=\"widget\" data-settings=\"{&quot;_animation&quot;:&quot;none&quot;}\" data-widget_type=\"button.default\">\n\t\t\t\t\t\t\t\t\t\t<a class=\"elementor-button elementor-button-link elementor-size-sm\" href=\"mailto:heinisaraj@outlook.com\">\n\t\t\t\t\t\t<span class=\"elementor-button-content-wrapper\">\n\t\t\t\t\t\t\t\t\t<span class=\"elementor-button-text\">S\u00e4hk\u00f6posti<\/span>\n\t\t\t\t\t<\/span>\n\t\t\t\t\t<\/a>\n\t\t\t\t\t\t\t\t<\/div>\n\t\t\t\t<\/div>\n\t\t\t\t<\/div>\n\t\t\t\t<\/div>\n\t\t\t\t\t<\/div>\n\t\t\t\t<\/div>\n\t\t\t\t<\/div>\n\t\t\n    <div class=\"xs_social_share_widget xs_share_url after_content \t\tmain_content  wslu-style-1 wslu-share-box-shaped wslu-fill-colored wslu-none wslu-share-horizontal wslu-theme-font-no wslu-main_content\">\n\n\t\t\n        <ul>\n\t\t\t        <\/ul>\n    <\/div> \n","protected":false},"excerpt":{"rendered":"<p>HEI CONTENT SOMEPAKETIT T\u00c4YSI TAI OSITTAINEN YLL\u00c4PITO YRITYKSESI SOMEKANAVILLE.INSTAGRAM, FACEBOOK JA LINKEDIN. Miten homma l\u00e4htee liikkeelle? J\u00e4t\u00e4 yhteydenottopyynt\u00f6, soita tai laita viesti\u00e4, niin sovitaan maksuton aloituspalaveri. Tutustutaan, jutellaan teid\u00e4n tarpeista ja p\u00e4\u00e4sette n\u00e4kem\u00e4\u00e4n mun tyyli\u00e4 ja tekemist\u00e4. Jos valmiista paketeista ei l\u00f6ydy sopivaa, tehd\u00e4\u00e4n teille oma kokonaisuus. Ota yhteytt\u00e4 matalalla kynnyksell\u00e4! Hei Content Basic-somepakettialk. 340 [&hellip;]<\/p>\n","protected":false},"author":1,"featured_media":0,"parent":0,"menu_order":0,"comment_status":"closed","ping_status":"closed","template":"","meta":{"postBodyCss":"","postBodyMargin":[],"postBodyPadding":[],"postBodyBackground":{"backgroundType":"classic","gradient":""},"footnotes":""},"class_list":["post-361","page","type-page","status-publish","hentry"],"_links":{"self":[{"href":"https:\/\/heicontent.fi\/index.php?rest_route=\/wp\/v2\/pages\/361","targetHints":{"allow":["GET"]}}],"collection":[{"href":"https:\/\/heicontent.fi\/index.php?rest_route=\/wp\/v2\/pages"}],"about":[{"href":"https:\/\/heicontent.fi\/index.php?rest_route=\/wp\/v2\/types\/page"}],"author":[{"embeddable":true,"href":"https:\/\/heicontent.fi\/index.php?rest_route=\/wp\/v2\/users\/1"}],"replies":[{"embeddable":true,"href":"https:\/\/heicontent.fi\/index.php?rest_route=%2Fwp%2Fv2%2Fcomments&post=361"}],"version-history":[{"count":47,"href":"https:\/\/heicontent.fi\/index.php?rest_route=\/wp\/v2\/pages\/361\/revisions"}],"predecessor-version":[{"id":700,"href":"https:\/\/heicontent.fi\/index.php?rest_route=\/wp\/v2\/pages\/361\/revisions\/700"}],"wp:attachment":[{"href":"https:\/\/heicontent.fi\/index.php?rest_route=%2Fwp%2Fv2%2Fmedia&parent=361"}],"curies":[{"name":"wp","href":"https:\/\/api.w.org\/{rel}","templated":true}]}}