{"id":356,"date":"2026-03-31T15:10:19","date_gmt":"2026-03-31T15:10:19","guid":{"rendered":"https:\/\/heicontent.fi\/?page_id=356"},"modified":"2026-04-30T19:06:26","modified_gmt":"2026-04-30T19:06:26","slug":"hinnasto","status":"publish","type":"page","link":"https:\/\/heicontent.fi\/?page_id=356","title":{"rendered":"Hinnasto"},"content":{"rendered":"\t\t<div data-elementor-type=\"wp-page\" data-elementor-id=\"356\" class=\"elementor elementor-356\">\n\t\t\t\t<div class=\"elementor-element elementor-element-5422973 e-flex e-con-boxed e-con e-parent\" data-id=\"5422973\" data-element_type=\"container\" data-e-type=\"container\" data-settings=\"{&quot;background_background&quot;:&quot;classic&quot;}\">\n\t\t\t\t\t<div class=\"e-con-inner\">\n\t\t\t\t<div class=\"elementor-element elementor-element-81a7a42 elementor-widget__width-initial elementor-widget elementor-widget-heading\" data-id=\"81a7a42\" data-element_type=\"widget\" data-e-type=\"widget\" data-widget_type=\"heading.default\">\n\t\t\t\t\t<h2 class=\"elementor-heading-title elementor-size-default\">HINNASTO<\/h2>\t\t\t\t<\/div>\n\t\t\t\t<div class=\"elementor-element elementor-element-2659cbb elementor-widget elementor-widget-heading\" data-id=\"2659cbb\" data-element_type=\"widget\" data-e-type=\"widget\" data-widget_type=\"heading.default\">\n\t\t\t\t\t<h2 class=\"elementor-heading-title elementor-size-default\">Aidot ja tyylikk\u00e4\u00e4t kuvat sek\u00e4 lyhytvideot kertomaan yrityksesi tarinaa ja tukemaan markkinointia. Kuvia yrityksesi arjesta, tuotteista ja palveluista.<br><\/h2>\t\t\t\t<\/div>\n\t\t\t\t\t<\/div>\n\t\t\t\t<\/div>\n\t\t<div class=\"elementor-element elementor-element-fa94422 e-flex e-con-boxed e-con e-parent\" data-id=\"fa94422\" data-element_type=\"container\" data-e-type=\"container\">\n\t\t\t\t\t<div class=\"e-con-inner\">\n\t\t\t\t<div class=\"elementor-element elementor-element-e8958cc elementor-widget elementor-widget-heading\" data-id=\"e8958cc\" data-element_type=\"widget\" data-e-type=\"widget\" data-widget_type=\"heading.default\">\n\t\t\t\t\t<h2 class=\"elementor-heading-title elementor-size-default\">KUVA-<br>PANKIT<\/h2>\t\t\t\t<\/div>\n\t\t\t\t\t<\/div>\n\t\t\t\t<\/div>\n\t\t<div class=\"elementor-element elementor-element-9c4a9a2 e-grid e-con-boxed e-con e-parent\" data-id=\"9c4a9a2\" data-element_type=\"container\" data-e-type=\"container\" data-settings=\"{&quot;background_background&quot;:&quot;classic&quot;}\">\n\t\t\t\t\t<div class=\"e-con-inner\">\n\t\t\t\t<div class=\"elementor-element elementor-element-bf9fdab elementor-widget elementor-widget-text-editor\" data-id=\"bf9fdab\" data-element_type=\"widget\" data-e-type=\"widget\" data-widget_type=\"text-editor.default\">\n\t\t\t\t\t\t\t\t\t<h4><strong>MINI-KUVAPANKKI<\/strong><br \/><b>390 \u20ac*<\/b><\/h4><p>Pieni mutta tehokas paketti yrityksen perusviestint\u00e4\u00e4n.<\/p><p><strong>Sis\u00e4lt\u00e4\u00e4:<\/strong><\/p><p>2\u20133 h kuvaus<\/p><p>1 lokaatio<\/p><p>n. 15\u201330 valmista kuvaa<\/p><p>Kevyt editointi<\/p>\t\t\t\t\t\t\t\t<\/div>\n\t\t\t\t<div class=\"elementor-element elementor-element-16d5d97 elementor-widget elementor-widget-text-editor\" data-id=\"16d5d97\" data-element_type=\"widget\" data-e-type=\"widget\" data-widget_type=\"text-editor.default\">\n\t\t\t\t\t\t\t\t\t<h4><strong>MEDIUM-KUVAPANKKI<\/strong><br \/><b>590 \u20ac*<\/b><\/h4><p>Monipuolinen kokonaisuus yrityksen markkinointiin.<\/p><p><strong>Sis\u00e4lt\u00e4\u00e4:<\/strong><\/p><p>4 h kuvaus<\/p><p>1\u20132 lokaatiota<\/p><p>n. 30\u201360 valmista kuvaa<\/p><p>Editointi<\/p>\t\t\t\t\t\t\t\t<\/div>\n\t\t\t\t<div class=\"elementor-element elementor-element-8ead4cd elementor-widget elementor-widget-text-editor\" data-id=\"8ead4cd\" data-element_type=\"widget\" data-e-type=\"widget\" data-widget_type=\"text-editor.default\">\n\t\t\t\t\t\t\t\t\t<h4><strong>LAAJA KUVAPANKKI<\/strong><br><b>790 \u20ac*<\/b><\/h4>\n<p>Laajempi kokonaisuus aktiiviseen markkinointiin.<\/p>\n<p><strong>Sis\u00e4lt\u00e4\u00e4:<\/strong><\/p>\n<p>6 h kuvaus<\/p>\n<p>Useita eri tilanteita (esim. ty\u00f6kuvia, tuotekuvia, tunnelmakuvia)<\/p>\n<p>60\u2013120 kuvaa<\/p>\n<p>Syv\u00e4llisempi editointi ja yhten\u00e4inen ilme<\/p>\n<p>Sis\u00e4lt\u00f6suunnittelu ennen kuvausta<\/p>\t\t\t\t\t\t\t\t<\/div>\n\t\t\t\t\t<\/div>\n\t\t\t\t<\/div>\n\t\t<div class=\"elementor-element elementor-element-473f2ce e-flex e-con-boxed e-con e-parent\" data-id=\"473f2ce\" data-element_type=\"container\" data-e-type=\"container\" data-settings=\"{&quot;background_background&quot;:&quot;classic&quot;}\">\n\t\t\t\t\t<div class=\"e-con-inner\">\n\t\t\t\t<div class=\"elementor-element elementor-element-94cacf3 elementor-widget elementor-widget-text-editor\" data-id=\"94cacf3\" data-element_type=\"widget\" data-e-type=\"widget\" data-widget_type=\"text-editor.default\">\n\t\t\t\t\t\t\t\t\t<h4><strong>LYHYTVIDEOPAKETIT<\/strong><\/h4><h3>\u00a0<strong>Starter<\/strong><\/h3><p><strong>50\u2013150 \u20ac \/ video*<\/strong><\/p><p>Sis\u00e4lt\u00f6idea<\/p><p>Kevyt suunnittelu<\/p><p><span style=\"text-wrap-mode: initial; letter-spacing: -0.1px;\">Kuvaus<\/span><\/p><p>Editointi<\/p><h3>\u00a0<strong>Content Boost<\/strong><\/h3><p><strong>200\u2013500 \u20ac \/ 3\u20135 videota*<\/strong><\/p><p>Sis\u00e4lt\u00f6ideat<\/p><p>Kevyt suunnittelu<\/p><p>1\u20132 kuvauskertaa<\/p><p>Editointi<\/p><p><strong>Tarvitsetko enemm\u00e4n sis\u00e4lt\u00f6\u00e4 tai jatkuvaa tuotantoa?<\/strong><br \/>Kysy r\u00e4\u00e4t\u00e4l\u00f6ity ratkaisu yrityksellesi.<\/p>\t\t\t\t\t\t\t\t<\/div>\n\t\t\t\t<div class=\"elementor-element elementor-element-2ef77ac elementor-widget elementor-widget-text-editor\" data-id=\"2ef77ac\" data-element_type=\"widget\" data-e-type=\"widget\" data-widget_type=\"text-editor.default\">\n\t\t\t\t\t\t\t\t\t<h4><strong>TUOTEKUVAUS<\/strong><\/h4><p>Laadukkaat tuotekuvat, jotka nostavat tuotteesi arvoa ja erottuvat edukseen.<\/p><h3>\u00a0<strong>Mini<\/strong><\/h3><p><strong>200\u2013350 \u20ac*<\/strong><\/p><p>Kevyt paketti yksitt\u00e4isten tuotteiden esittelyyn.<\/p><p>5\u201310 huolellisesti editoitua kuvaa<\/p><h3><strong>Medium<\/strong><\/h3><p><strong>350\u2013650 \u20ac*<\/strong><\/p><p>Monipuolisempi kokonaisuus verkkokauppaan ja markkinointiin<\/p><p>10\u201325 viimeistelty\u00e4 kuvaa<\/p><h3>\u00a0<strong>Laaja<\/strong><\/h3><p><strong>650\u20131200 \u20ac*<\/strong><\/p><p>Kattava kuvapaketti aktiiviseen markkinointiin ja br\u00e4ndin rakentamiseen.<\/p><p>25\u201360 korkealaatuista, yhten\u00e4isesti editoitua kuvaa<\/p><p><strong>Tarvitsetko t\u00e4ysin r\u00e4\u00e4t\u00e4l\u00f6idyn kokonaisuuden?<\/strong><br \/>Suunnitellaan teille juuri oikea ratkaisu tuotteidenne mukaan.<\/p>\t\t\t\t\t\t\t\t<\/div>\n\t\t\t\t<div class=\"elementor-element elementor-element-8923943 elementor-widget-divider--view-line elementor-widget elementor-widget-divider\" data-id=\"8923943\" data-element_type=\"widget\" data-e-type=\"widget\" data-widget_type=\"divider.default\">\n\t\t\t\t\t\t\t<div class=\"elementor-divider\">\n\t\t\t<span class=\"elementor-divider-separator\">\n\t\t\t\t\t\t<\/span>\n\t\t<\/div>\n\t\t\t\t\t\t<\/div>\n\t\t\t\t<div class=\"elementor-element elementor-element-1a05915 elementor-widget elementor-widget-heading\" data-id=\"1a05915\" data-element_type=\"widget\" data-e-type=\"widget\" data-widget_type=\"heading.default\">\n\t\t\t\t\t<h2 class=\"elementor-heading-title elementor-size-default\">SOMEPAKETTIEN HINNAT L\u00d6YD\u00c4T SOMEPAKETIT -OSIOSTA\n\n<b>*Hinnat eiv\u00e4t sis\u00e4ll\u00e4 ALV:A, myyj\u00e4 ei ALV-velvollinen\nHinnat sis\u00e4lt\u00e4v\u00e4t matkakustannukset 70km s\u00e4teell\u00e4 Iist\u00e4<\/b><\/h2>\t\t\t\t<\/div>\n\t\t\t\t\t<\/div>\n\t\t\t\t<\/div>\n\t\t<div class=\"elementor-element elementor-element-24675c4 e-flex e-con-boxed e-con e-parent\" data-id=\"24675c4\" data-element_type=\"container\" data-e-type=\"container\">\n\t\t\t\t\t<div class=\"e-con-inner\">\n\t\t<div class=\"elementor-element elementor-element-51e5aa8 e-con-full e-flex e-con e-child\" data-id=\"51e5aa8\" data-element_type=\"container\" data-e-type=\"container\">\n\t\t<div class=\"elementor-element elementor-element-105bc46 e-con-full e-flex e-con e-child\" data-id=\"105bc46\" data-element_type=\"container\" data-e-type=\"container\">\n\t\t<div class=\"elementor-element elementor-element-e25033b e-con-full e-flex e-con e-child\" data-id=\"e25033b\" data-element_type=\"container\" data-e-type=\"container\">\n\t\t\t\t<div class=\"elementor-element elementor-element-e9b737d elementor-widget elementor-widget-image\" data-id=\"e9b737d\" data-element_type=\"widget\" data-e-type=\"widget\" data-widget_type=\"image.default\">\n\t\t\t\t\t\t\t\t\t\t\t\t\t\t\t<img fetchpriority=\"high\" decoding=\"async\" width=\"819\" height=\"1024\" src=\"https:\/\/heicontent.fi\/wp-content\/uploads\/2026\/03\/Tehhaanko-yhessa-teille-somea-1-819x1024.png\" class=\"attachment-large size-large wp-image-141\" alt=\"\" srcset=\"https:\/\/heicontent.fi\/wp-content\/uploads\/2026\/03\/Tehhaanko-yhessa-teille-somea-1-819x1024.png 819w, https:\/\/heicontent.fi\/wp-content\/uploads\/2026\/03\/Tehhaanko-yhessa-teille-somea-1-240x300.png 240w, https:\/\/heicontent.fi\/wp-content\/uploads\/2026\/03\/Tehhaanko-yhessa-teille-somea-1-768x960.png 768w, https:\/\/heicontent.fi\/wp-content\/uploads\/2026\/03\/Tehhaanko-yhessa-teille-somea-1.png 1080w\" sizes=\"(max-width: 819px) 100vw, 819px\" \/>\t\t\t\t\t\t\t\t\t\t\t\t\t\t\t<\/div>\n\t\t\t\t<\/div>\n\t\t<div class=\"elementor-element elementor-element-802668f e-con-full e-flex e-con e-child\" data-id=\"802668f\" data-element_type=\"container\" data-e-type=\"container\">\n\t\t\t\t<div class=\"elementor-element elementor-element-cf77e58 elementor-widget elementor-widget-heading\" data-id=\"cf77e58\" data-element_type=\"widget\" data-e-type=\"widget\" data-widget_type=\"heading.default\">\n\t\t\t\t\t<h2 class=\"elementor-heading-title elementor-size-default\">Ota yhteytt\u00e4<\/h2>\t\t\t\t<\/div>\n\t\t\t\t<div class=\"elementor-element elementor-element-421e83d elementor-align-center elementor-widget-mobile__width-inherit elementor-widget elementor-widget-button\" data-id=\"421e83d\" data-element_type=\"widget\" data-e-type=\"widget\" data-widget_type=\"button.default\">\n\t\t\t\t\t\t\t\t\t\t<a class=\"elementor-button elementor-button-link elementor-size-sm\" href=\"tel:0404162197\">\n\t\t\t\t\t\t<span class=\"elementor-button-content-wrapper\">\n\t\t\t\t\t\t\t\t\t<span class=\"elementor-button-text\">Soita minulle<\/span>\n\t\t\t\t\t<\/span>\n\t\t\t\t\t<\/a>\n\t\t\t\t\t\t\t\t<\/div>\n\t\t\t\t<div class=\"elementor-element elementor-element-9b19fca elementor-align-center elementor-widget-mobile__width-inherit elementor-widget elementor-widget-button\" data-id=\"9b19fca\" data-element_type=\"widget\" data-e-type=\"widget\" data-widget_type=\"button.default\">\n\t\t\t\t\t\t\t\t\t\t<a class=\"elementor-button elementor-button-link elementor-size-sm\" href=\"https:\/\/wa.me\/358404162197\" target=\"_blank\" rel=\"noopener\">\n\t\t\t\t\t\t<span class=\"elementor-button-content-wrapper\">\n\t\t\t\t\t\t\t\t\t<span class=\"elementor-button-text\">Whatsapp<\/span>\n\t\t\t\t\t<\/span>\n\t\t\t\t\t<\/a>\n\t\t\t\t\t\t\t\t<\/div>\n\t\t\t\t<div class=\"elementor-element elementor-element-e74a390 elementor-align-center elementor-widget-mobile__width-inherit elementor-widget elementor-widget-button\" data-id=\"e74a390\" data-element_type=\"widget\" data-e-type=\"widget\" data-settings=\"{&quot;_animation&quot;:&quot;none&quot;}\" data-widget_type=\"button.default\">\n\t\t\t\t\t\t\t\t\t\t<a class=\"elementor-button elementor-button-link elementor-size-sm\" href=\"mailto:heinisaraj@outlook.com\">\n\t\t\t\t\t\t<span class=\"elementor-button-content-wrapper\">\n\t\t\t\t\t\t\t\t\t<span class=\"elementor-button-text\">S\u00e4hk\u00f6posti<\/span>\n\t\t\t\t\t<\/span>\n\t\t\t\t\t<\/a>\n\t\t\t\t\t\t\t\t<\/div>\n\t\t\t\t<\/div>\n\t\t\t\t<\/div>\n\t\t\t\t<\/div>\n\t\t\t\t\t<\/div>\n\t\t\t\t<\/div>\n\t\t\t\t<\/div>\n\t\t\n    <div class=\"xs_social_share_widget xs_share_url after_content \t\tmain_content  wslu-style-1 wslu-share-box-shaped wslu-fill-colored wslu-none wslu-share-horizontal wslu-theme-font-no wslu-main_content\">\n\n\t\t\n        <ul>\n\t\t\t        <\/ul>\n    <\/div> \n","protected":false},"excerpt":{"rendered":"<p>HINNASTO Aidot ja tyylikk\u00e4\u00e4t kuvat sek\u00e4 lyhytvideot kertomaan yrityksesi tarinaa ja tukemaan markkinointia. Kuvia yrityksesi arjesta, tuotteista ja palveluista. KUVA-PANKIT MINI-KUVAPANKKI390 \u20ac* Pieni mutta tehokas paketti yrityksen perusviestint\u00e4\u00e4n. Sis\u00e4lt\u00e4\u00e4: 2\u20133 h kuvaus 1 lokaatio n. 15\u201330 valmista kuvaa Kevyt editointi MEDIUM-KUVAPANKKI590 \u20ac* Monipuolinen kokonaisuus yrityksen markkinointiin. Sis\u00e4lt\u00e4\u00e4: 4 h kuvaus 1\u20132 lokaatiota n. 30\u201360 valmista [&hellip;]<\/p>\n","protected":false},"author":1,"featured_media":0,"parent":0,"menu_order":0,"comment_status":"closed","ping_status":"closed","template":"","meta":{"postBodyCss":"","postBodyMargin":[],"postBodyPadding":[],"postBodyBackground":{"backgroundType":"classic","gradient":""},"footnotes":""},"class_list":["post-356","page","type-page","status-publish","hentry"],"_links":{"self":[{"href":"https:\/\/heicontent.fi\/index.php?rest_route=\/wp\/v2\/pages\/356","targetHints":{"allow":["GET"]}}],"collection":[{"href":"https:\/\/heicontent.fi\/index.php?rest_route=\/wp\/v2\/pages"}],"about":[{"href":"https:\/\/heicontent.fi\/index.php?rest_route=\/wp\/v2\/types\/page"}],"author":[{"embeddable":true,"href":"https:\/\/heicontent.fi\/index.php?rest_route=\/wp\/v2\/users\/1"}],"replies":[{"embeddable":true,"href":"https:\/\/heicontent.fi\/index.php?rest_route=%2Fwp%2Fv2%2Fcomments&post=356"}],"version-history":[{"count":51,"href":"https:\/\/heicontent.fi\/index.php?rest_route=\/wp\/v2\/pages\/356\/revisions"}],"predecessor-version":[{"id":760,"href":"https:\/\/heicontent.fi\/index.php?rest_route=\/wp\/v2\/pages\/356\/revisions\/760"}],"wp:attachment":[{"href":"https:\/\/heicontent.fi\/index.php?rest_route=%2Fwp%2Fv2%2Fmedia&parent=356"}],"curies":[{"name":"wp","href":"https:\/\/api.w.org\/{rel}","templated":true}]}}