{"id":341,"date":"2026-03-31T14:52:46","date_gmt":"2026-03-31T14:52:46","guid":{"rendered":"https:\/\/heicontent.fi\/?page_id=341"},"modified":"2026-04-30T19:05:49","modified_gmt":"2026-04-30T19:05:49","slug":"heini-the-bigbouusss","status":"publish","type":"page","link":"https:\/\/heicontent.fi\/?page_id=341","title":{"rendered":"Heini the bigbouusss"},"content":{"rendered":"\t\t<div data-elementor-type=\"wp-page\" data-elementor-id=\"341\" class=\"elementor elementor-341\">\n\t\t\t\t<div class=\"elementor-element elementor-element-ebf7749 e-flex e-con-boxed e-con e-parent\" data-id=\"ebf7749\" data-element_type=\"container\" data-e-type=\"container\">\n\t\t\t\t\t<div class=\"e-con-inner\">\n\t\t\t\t<div class=\"elementor-element elementor-element-1feca9b elementor-widget elementor-widget-heading\" data-id=\"1feca9b\" data-element_type=\"widget\" data-e-type=\"widget\" data-widget_type=\"heading.default\">\n\t\t\t\t\t<h2 class=\"elementor-heading-title elementor-size-default\">Hei Content\n&amp; <br>Heini<\/h2>\t\t\t\t<\/div>\n\t\t\t\t\t<\/div>\n\t\t\t\t<\/div>\n\t\t<div class=\"elementor-element elementor-element-fb36423 e-grid e-con-full e-con e-parent\" data-id=\"fb36423\" data-element_type=\"container\" data-e-type=\"container\">\n\t\t\t\t<div class=\"elementor-element elementor-element-332234f elementor-widget elementor-widget-text-editor\" data-id=\"332234f\" data-element_type=\"widget\" data-e-type=\"widget\" data-widget_type=\"text-editor.default\">\n\t\t\t\t\t\t\t\t\t<h2>Heini<\/h2><p>Hei Contentin takana on Heini \u2013 pian 34 vuotta t\u00e4ytt\u00e4v\u00e4 yritt\u00e4j\u00e4 Pohjois-Pohjanmaalta, Oulun naapurikunnasta.<\/p><p>Asun mieheni ja lastemme kanssa maaseudun rauhassa, miss\u00e4 arki antaa tilaa my\u00f6s luovuudelle. Vapaa-ajalla viihdyn puutarhanhoidon, musiikin, maalaamisen ja ennen kaikkea valokuvauksen parissa.<\/p><p>Rakastan kauniiden hetkien luomista ja niiden tallentamista \u2013 hetki\u00e4, jotka her\u00e4tt\u00e4v\u00e4t tunteita ja kertovat tarinaa.<\/p>\t\t\t\t\t\t\t\t<\/div>\n\t\t\t\t<div class=\"elementor-element elementor-element-411f8a3 elementor-widget elementor-widget-image\" data-id=\"411f8a3\" data-element_type=\"widget\" data-e-type=\"widget\" data-widget_type=\"image.default\">\n\t\t\t\t\t\t\t\t\t\t\t\t\t\t\t<img fetchpriority=\"high\" decoding=\"async\" width=\"768\" height=\"1024\" src=\"https:\/\/heicontent.fi\/wp-content\/uploads\/2026\/03\/IMG_4588-scaled.jpeg\" class=\"attachment-large size-large wp-image-214\" alt=\"\" srcset=\"https:\/\/heicontent.fi\/wp-content\/uploads\/2026\/03\/IMG_4588-scaled.jpeg 1920w, https:\/\/heicontent.fi\/wp-content\/uploads\/2026\/03\/IMG_4588-225x300.jpeg 225w\" sizes=\"(max-width: 768px) 100vw, 768px\" \/>\t\t\t\t\t\t\t\t\t\t\t\t\t\t\t<\/div>\n\t\t\t\t<\/div>\n\t\t<div class=\"elementor-element elementor-element-48480af e-grid e-con-boxed e-con e-parent\" data-id=\"48480af\" data-element_type=\"container\" data-e-type=\"container\" data-settings=\"{&quot;background_background&quot;:&quot;classic&quot;}\">\n\t\t\t\t\t<div class=\"e-con-inner\">\n\t\t\t\t<div class=\"elementor-element elementor-element-90e9383 elementor-widget elementor-widget-image\" data-id=\"90e9383\" data-element_type=\"widget\" data-e-type=\"widget\" data-widget_type=\"image.default\">\n\t\t\t\t\t\t\t\t\t\t\t\t\t\t\t<img decoding=\"async\" width=\"894\" height=\"602\" src=\"https:\/\/heicontent.fi\/wp-content\/uploads\/2026\/03\/Hei_Content_logo-1.png\" class=\"attachment-large size-large wp-image-139\" alt=\"\" srcset=\"https:\/\/heicontent.fi\/wp-content\/uploads\/2026\/03\/Hei_Content_logo-1.png 894w, https:\/\/heicontent.fi\/wp-content\/uploads\/2026\/03\/Hei_Content_logo-1-300x202.png 300w, https:\/\/heicontent.fi\/wp-content\/uploads\/2026\/03\/Hei_Content_logo-1-768x517.png 768w\" sizes=\"(max-width: 894px) 100vw, 894px\" \/>\t\t\t\t\t\t\t\t\t\t\t\t\t\t\t<\/div>\n\t\t\t\t<div class=\"elementor-element elementor-element-618fd66 elementor-widget elementor-widget-text-editor\" data-id=\"618fd66\" data-element_type=\"widget\" data-e-type=\"widget\" data-widget_type=\"text-editor.default\">\n\t\t\t\t\t\t\t\t\t<p><strong>Hei Content<\/strong><\/p><p>syntyi syksyll\u00e4 2025, kun minua pyydettiin mukaan pidempiaikaiseen yhteisty\u00f6h\u00f6n tuottamaan somesis\u00e4lt\u00f6\u00e4 yritykselle. Innostuin heti, tartuin tilaisuuteen ja perustin Hei Contentin \u2013 yrityksen, jossa yhdistyv\u00e4t luovuus, valokuvaus ja sosiaalisen median sis\u00e4ll\u00f6ntuotanto.<\/p><p>Siit\u00e4 l\u00e4htien olen auttanut eri alojen yrityksi\u00e4 n\u00e4kym\u00e4\u00e4n ja erottumaan visuaalisella, aidolla sis\u00e4ll\u00f6ll\u00e4, joka tukee yrityksen tarinaa ja somemarkkinointia.<\/p><p>Ammatiltani olen l\u00e4hihoitaja, mutta viime vuosina somesis\u00e4lt\u00f6jen ja markkinoinnin tekeminen on kasvanut yh\u00e4 isompaan rooliin. Nyt hoitajan ty\u00f6t ovat j\u00e4\u00e4neet taakse, ja olen hyp\u00e4nnyt t\u00e4ysill\u00e4 mukaan yritt\u00e4jyyteen luovalla alalla.<\/p><p><strong>Tuotan yrityksille:<\/strong><\/p><p>Valokuvia henkil\u00f6st\u00f6st\u00e4, arjesta ja palveluista<\/p><p>Lyhytvideoita<\/p><p>Tuotekuvia<\/p><p>Somesis\u00e4lt\u00f6\u00e4 ja markkinointia<\/p><p><strong>Luovuus on ty\u00f6ni ydin \u2013 haluan tuoda esiin yrityksesi tarinan tavalla, joka tuntuu aidolta ja n\u00e4ytt\u00e4\u00e4 hyv\u00e4lt\u00e4.<\/strong><\/p>\t\t\t\t\t\t\t\t<\/div>\n\t\t\t\t\t<\/div>\n\t\t\t\t<\/div>\n\t\t<div class=\"elementor-element elementor-element-4572811 e-flex e-con-boxed e-con e-parent\" data-id=\"4572811\" data-element_type=\"container\" data-e-type=\"container\">\n\t\t\t\t\t<div class=\"e-con-inner\">\n\t\t<div class=\"elementor-element elementor-element-e672249 e-con-full e-flex e-con e-child\" data-id=\"e672249\" data-element_type=\"container\" data-e-type=\"container\">\n\t\t<div class=\"elementor-element elementor-element-47195c9 e-con-full e-flex e-con e-child\" data-id=\"47195c9\" data-element_type=\"container\" data-e-type=\"container\">\n\t\t\t\t<div class=\"elementor-element elementor-element-37d1347 elementor-widget elementor-widget-image\" data-id=\"37d1347\" data-element_type=\"widget\" data-e-type=\"widget\" data-widget_type=\"image.default\">\n\t\t\t\t\t\t\t\t\t\t\t\t\t\t\t<img decoding=\"async\" width=\"819\" height=\"1024\" src=\"https:\/\/heicontent.fi\/wp-content\/uploads\/2026\/03\/Tehhaanko-yhessa-teille-somea-1-819x1024.png\" class=\"attachment-large size-large wp-image-141\" alt=\"\" srcset=\"https:\/\/heicontent.fi\/wp-content\/uploads\/2026\/03\/Tehhaanko-yhessa-teille-somea-1-819x1024.png 819w, https:\/\/heicontent.fi\/wp-content\/uploads\/2026\/03\/Tehhaanko-yhessa-teille-somea-1-240x300.png 240w, https:\/\/heicontent.fi\/wp-content\/uploads\/2026\/03\/Tehhaanko-yhessa-teille-somea-1-768x960.png 768w, https:\/\/heicontent.fi\/wp-content\/uploads\/2026\/03\/Tehhaanko-yhessa-teille-somea-1.png 1080w\" sizes=\"(max-width: 819px) 100vw, 819px\" \/>\t\t\t\t\t\t\t\t\t\t\t\t\t\t\t<\/div>\n\t\t\t\t<\/div>\n\t\t<div class=\"elementor-element elementor-element-ed01066 e-con-full e-flex e-con e-child\" data-id=\"ed01066\" data-element_type=\"container\" data-e-type=\"container\">\n\t\t\t\t<div class=\"elementor-element elementor-element-69f93ca elementor-widget elementor-widget-heading\" data-id=\"69f93ca\" data-element_type=\"widget\" data-e-type=\"widget\" data-widget_type=\"heading.default\">\n\t\t\t\t\t<h2 class=\"elementor-heading-title elementor-size-default\">Ota yhteytt\u00e4<\/h2>\t\t\t\t<\/div>\n\t\t\t\t<div class=\"elementor-element elementor-element-82982bf elementor-align-center elementor-widget-mobile__width-inherit elementor-widget elementor-widget-button\" data-id=\"82982bf\" data-element_type=\"widget\" data-e-type=\"widget\" data-widget_type=\"button.default\">\n\t\t\t\t\t\t\t\t\t\t<a class=\"elementor-button elementor-button-link elementor-size-sm\" href=\"tel:0404162197\">\n\t\t\t\t\t\t<span class=\"elementor-button-content-wrapper\">\n\t\t\t\t\t\t\t\t\t<span class=\"elementor-button-text\">Soita minulle<\/span>\n\t\t\t\t\t<\/span>\n\t\t\t\t\t<\/a>\n\t\t\t\t\t\t\t\t<\/div>\n\t\t\t\t<div class=\"elementor-element elementor-element-d634f48 elementor-align-center elementor-widget-mobile__width-inherit elementor-widget elementor-widget-button\" data-id=\"d634f48\" data-element_type=\"widget\" data-e-type=\"widget\" data-widget_type=\"button.default\">\n\t\t\t\t\t\t\t\t\t\t<a class=\"elementor-button elementor-button-link elementor-size-sm\" href=\"https:\/\/wa.me\/358404162197\" target=\"_blank\" rel=\"noopener\">\n\t\t\t\t\t\t<span class=\"elementor-button-content-wrapper\">\n\t\t\t\t\t\t\t\t\t<span class=\"elementor-button-text\">Whatsapp<\/span>\n\t\t\t\t\t<\/span>\n\t\t\t\t\t<\/a>\n\t\t\t\t\t\t\t\t<\/div>\n\t\t\t\t<div class=\"elementor-element elementor-element-cddc50d elementor-align-center elementor-widget-mobile__width-inherit elementor-widget elementor-widget-button\" data-id=\"cddc50d\" data-element_type=\"widget\" data-e-type=\"widget\" data-settings=\"{&quot;_animation&quot;:&quot;none&quot;}\" data-widget_type=\"button.default\">\n\t\t\t\t\t\t\t\t\t\t<a class=\"elementor-button elementor-button-link elementor-size-sm\" href=\"mailto:heinisaraj@outlook.com\">\n\t\t\t\t\t\t<span class=\"elementor-button-content-wrapper\">\n\t\t\t\t\t\t\t\t\t<span class=\"elementor-button-text\">S\u00e4hk\u00f6posti<\/span>\n\t\t\t\t\t<\/span>\n\t\t\t\t\t<\/a>\n\t\t\t\t\t\t\t\t<\/div>\n\t\t\t\t<\/div>\n\t\t\t\t<\/div>\n\t\t\t\t\t<\/div>\n\t\t\t\t<\/div>\n\t\t\t\t<\/div>\n\t\t\n    <div class=\"xs_social_share_widget xs_share_url after_content \t\tmain_content  wslu-style-1 wslu-share-box-shaped wslu-fill-colored wslu-none wslu-share-horizontal wslu-theme-font-no wslu-main_content\">\n\n\t\t\n        <ul>\n\t\t\t        <\/ul>\n    <\/div> \n","protected":false},"excerpt":{"rendered":"<p>Hei Content &amp; Heini Heini Hei Contentin takana on Heini \u2013 pian 34 vuotta t\u00e4ytt\u00e4v\u00e4 yritt\u00e4j\u00e4 Pohjois-Pohjanmaalta, Oulun naapurikunnasta. Asun mieheni ja lastemme kanssa maaseudun rauhassa, miss\u00e4 arki antaa tilaa my\u00f6s luovuudelle. Vapaa-ajalla viihdyn puutarhanhoidon, musiikin, maalaamisen ja ennen kaikkea valokuvauksen parissa. Rakastan kauniiden hetkien luomista ja niiden tallentamista \u2013 hetki\u00e4, jotka her\u00e4tt\u00e4v\u00e4t tunteita ja [&hellip;]<\/p>\n","protected":false},"author":1,"featured_media":0,"parent":0,"menu_order":0,"comment_status":"closed","ping_status":"closed","template":"","meta":{"postBodyCss":"","postBodyMargin":[],"postBodyPadding":[],"postBodyBackground":{"backgroundType":"classic","gradient":""},"footnotes":""},"class_list":["post-341","page","type-page","status-publish","hentry"],"_links":{"self":[{"href":"https:\/\/heicontent.fi\/index.php?rest_route=\/wp\/v2\/pages\/341","targetHints":{"allow":["GET"]}}],"collection":[{"href":"https:\/\/heicontent.fi\/index.php?rest_route=\/wp\/v2\/pages"}],"about":[{"href":"https:\/\/heicontent.fi\/index.php?rest_route=\/wp\/v2\/types\/page"}],"author":[{"embeddable":true,"href":"https:\/\/heicontent.fi\/index.php?rest_route=\/wp\/v2\/users\/1"}],"replies":[{"embeddable":true,"href":"https:\/\/heicontent.fi\/index.php?rest_route=%2Fwp%2Fv2%2Fcomments&post=341"}],"version-history":[{"count":46,"href":"https:\/\/heicontent.fi\/index.php?rest_route=\/wp\/v2\/pages\/341\/revisions"}],"predecessor-version":[{"id":757,"href":"https:\/\/heicontent.fi\/index.php?rest_route=\/wp\/v2\/pages\/341\/revisions\/757"}],"wp:attachment":[{"href":"https:\/\/heicontent.fi\/index.php?rest_route=%2Fwp%2Fv2%2Fmedia&parent=341"}],"curies":[{"name":"wp","href":"https:\/\/api.w.org\/{rel}","templated":true}]}}